{"id":6185,"date":"2016-06-14T17:55:26","date_gmt":"2016-06-14T10:55:26","guid":{"rendered":"https:\/\/tuoitudong.com.vn\/gioi-thieu\/"},"modified":"2020-08-11T10:23:02","modified_gmt":"2020-08-11T03:23:02","slug":"about-us","status":"publish","type":"page","link":"https:\/\/tuoitudong.bzz.vn\/en\/about-us\/","title":{"rendered":"About Us"},"content":{"rendered":"<div id=\"ez-toc-container\" class=\"ez-toc-v2_0_80 counter-hierarchy ez-toc-counter ez-toc-grey ez-toc-container-direction\">\n<div class=\"ez-toc-title-container\">\n<p class=\"ez-toc-title\" style=\"cursor:inherit\">Table of Contents<\/p>\n<span class=\"ez-toc-title-toggle\"><a href=\"#\" class=\"ez-toc-pull-right ez-toc-btn ez-toc-btn-xs ez-toc-btn-default ez-toc-toggle\" aria-label=\"Toggle Table of Content\"><span class=\"ez-toc-js-icon-con\"><span class=\"\"><span class=\"eztoc-hide\" style=\"display:none;\">Toggle<\/span><span class=\"ez-toc-icon-toggle-span\"><svg style=\"fill: #999;color:#999\" xmlns=\"http:\/\/www.w3.org\/2000\/svg\" class=\"list-377408\" width=\"20px\" height=\"20px\" viewBox=\"0 0 24 24\" fill=\"none\"><path d=\"M6 6H4v2h2V6zm14 0H8v2h12V6zM4 11h2v2H4v-2zm16 0H8v2h12v-2zM4 16h2v2H4v-2zm16 0H8v2h12v-2z\" fill=\"currentColor\"><\/path><\/svg><svg style=\"fill: #999;color:#999\" class=\"arrow-unsorted-368013\" xmlns=\"http:\/\/www.w3.org\/2000\/svg\" width=\"10px\" height=\"10px\" viewBox=\"0 0 24 24\" version=\"1.2\" baseProfile=\"tiny\"><path d=\"M18.2 9.3l-6.2-6.3-6.2 6.3c-.2.2-.3.4-.3.7s.1.5.3.7c.2.2.4.3.7.3h11c.3 0 .5-.1.7-.3.2-.2.3-.5.3-.7s-.1-.5-.3-.7zM5.8 14.7l6.2 6.3 6.2-6.3c.2-.2.3-.5.3-.7s-.1-.5-.3-.7c-.2-.2-.4-.3-.7-.3h-11c-.3 0-.5.1-.7.3-.2.2-.3.5-.3.7s.1.5.3.7z\"\/><\/svg><\/span><\/span><\/span><\/a><\/span><\/div>\n<nav><ul class='ez-toc-list ez-toc-list-level-1 ' ><li class='ez-toc-page-1 ez-toc-heading-level-3'><a class=\"ez-toc-link ez-toc-heading-1\" href=\"https:\/\/tuoitudong.bzz.vn\/en\/about-us\/#Welcome_to_Viet_Garden\" >Welcome to\u00a0Viet Garden!<\/a><\/li><li class='ez-toc-page-1 ez-toc-heading-level-3'><a class=\"ez-toc-link ez-toc-heading-2\" href=\"https:\/\/tuoitudong.bzz.vn\/en\/about-us\/#Customers_Come_First_%E2%80%93_Always\" >Customers Come First \u2013 Always<\/a><\/li><li class='ez-toc-page-1 ez-toc-heading-level-3'><a class=\"ez-toc-link ez-toc-heading-3\" href=\"https:\/\/tuoitudong.bzz.vn\/en\/about-us\/#Quality_Durability_Equals_Lasting_Value\" >Quality &amp; Durability Equals Lasting Value<\/a><\/li><li class='ez-toc-page-1 ez-toc-heading-level-3'><a class=\"ez-toc-link ez-toc-heading-4\" href=\"https:\/\/tuoitudong.bzz.vn\/en\/about-us\/#A_Winning_Corporate_Strategy_Focus_on_INDOCHINA\" >A Winning Corporate Strategy: Focus on INDOCHINA.<\/a><\/li><\/ul><\/nav><\/div>\n<h3><span class=\"ez-toc-section\" id=\"Welcome_to_Viet_Garden\"><\/span><strong>Welcome to\u00a0<\/strong><strong>Viet Garden!<\/strong><span class=\"ez-toc-section-end\"><\/span><\/h3>\n<p style=\"text-align: justify\">As one of the International Hunter Distributors of irrigation equipment for the landscape and golf course industries since January 10, 2007, Viet Garden has successfully provided consulting, distribution and design services for dealers and contractors in Vietnam, Laos and Cambodia. We provide specialist support and training for the professional contractors to ensure the job is done right the first time!<\/p>\n<p style=\"text-align: justify\">Located in Ho Chi Minh City, Viet Garden is available to provide professional, friendly advice to contractors, dealers, and project owners right across three countries.<\/p>\n<h3 style=\"text-align: justify\"><span class=\"ez-toc-section\" id=\"Customers_Come_First_%E2%80%93_Always\"><\/span><strong>Customers Come First \u2013 Always<\/strong><span class=\"ez-toc-section-end\"><\/span><\/h3>\n<p style=\"text-align: justify\">Viet Garden works hard to ensure the success of all of its partners \u2013 from the dealers, contractors and through to the end-user customers. Viet Garden provides a wide range of technical support programs; education and training; and business development initiatives. In addition, Viet Garden constantly coordinates customer feedback sessions through both its own company and also via respected industry associations and facilitators around INDOCHINA. This kind of communication is vital to our ongoing success.<\/p>\n<h3 style=\"text-align: justify\"><span class=\"ez-toc-section\" id=\"Quality_Durability_Equals_Lasting_Value\"><\/span><strong>Quality &amp; Durability Equals Lasting Value<\/strong><span class=\"ez-toc-section-end\"><\/span><\/h3>\n<p style=\"text-align: justify\">Quality products, complemented by an outstanding level of customer support, are at the cornerstone of any company that plans on enjoying a solid customer reputation for years to come. Viet Garden has long been known for delivering the industry\u2019s highest levels of: quality; durability; ease of installation; and after sales service. These attributes have enabled Viet Garden to be recognized as a leader in the irrigation field resulting in some of the lowest warranty costs and callbacks in the industry.<\/p>\n<h3 style=\"text-align: justify\"><span class=\"ez-toc-section\" id=\"A_Winning_Corporate_Strategy_Focus_on_INDOCHINA\"><\/span><strong>A Winning Corporate Strategy: Focus on INDOCHINA.<\/strong><span class=\"ez-toc-section-end\"><\/span><\/h3>\n<p style=\"text-align: justify\">From the beginning, Viet Garden\u2019s corporate strategy has been to focus predominantly on providing the highest levels of value and service to the irrigation professional. A key result of this focus has resulted in the establishment of professional contractor network spanning all Vietnam, Laos and Cambodia. These combined strategies and focus means a Viet Garden customer knows they are getting a professional cost effective investment!<\/p>\n<div class=\"row\"  id=\"row-1320933199\">\r\n\r\n\n\t<div id=\"col-690735715\" class=\"col medium-1\/2 large-6\"  >\n\t\t\t\t<div class=\"col-inner\"  >\n\t\t\t\n\t\t\t\r\n\r\n<div class=\"sdm_download_item \"><div class=\"sdm_download_item_top\"><div class=\"sdm_download_thumbnail\"><img decoding=\"async\" class=\"sdm_download_thumbnail_image\" src=\"http:\/\/tuoitudong.bzz.vn\/wp-content\/uploads\/sites\/7\/Viet-Garden-Profile.jpg\" alt = \"Viet Garden Profile\" \/><\/div><div class=\"sdm_download_title\">Viet Garden Profile<\/div><\/div><div style=\"clear:both;\"><\/div><div class=\"sdm_download_description\"><p style=\"text-align: justify\">Th\u00f4ng tin v\u1ec1 Viet Garden: Gi\u1ea5y ch\u1ee9ng nh\u1eadn doanh nghi\u1ec7p, c\u00e1c ch\u1ee9ng nh\u1eadn, th\u00f4ng tin ban qu\u1ea3n l\u00fd, c\u00e1c d\u1ef1 \u00e1n t\u01b0\u1edbi t\u1ef1 \u0111\u1ed9ng \u0111\u00e3 th\u1ef1c hi\u1ec7n.<\/p>\n<\/div><div class=\"sdm_download_link\"><span class=\"sdm_download_button\"><a href=\"https:\/\/tuoitudong.bzz.vn\/en\/?sdm_process_download=1&download_id=9993\" class=\"sdm_download green\" title=\"Viet Garden Profile\" target=\"_self\">Download Now!<\/a><\/span><span class=\"sdm_download_item_count\"><span class=\"sdm_item_count_number\">96<\/span><span class=\"sdm_item_count_string\"> Downloads<\/span><\/span><\/div><\/div><div class=\"sdm_clear_float\"><\/div>\r\n\r\n\t\t<\/div>\n\t\t\t\t\t<\/div>\n\n\t\r\n\r\n\n\t<div id=\"col-1847843954\" class=\"col medium-1\/2 large-6\"  >\n\t\t\t\t<div class=\"col-inner\"  >\n\t\t\t\n\t\t\t\r\n\r\n<div class=\"sdm_download_item \"><div class=\"sdm_download_item_top\"><div class=\"sdm_download_thumbnail\"><img decoding=\"async\" class=\"sdm_download_thumbnail_image\" src=\"http:\/\/tuoitudong.bzz.vn\/wp-content\/uploads\/sites\/7\/Exclusive-Distributor.jpg\" alt = \"Certificates\" \/><\/div><div class=\"sdm_download_title\">Certificates<\/div><\/div><div style=\"clear:both;\"><\/div><div class=\"sdm_download_description\"><p style=\"text-align: justify\">Ch\u1ee9ng nh\u1eadn Viet Garden l\u00e0 nh\u00e0 ph\u00e2n ph\u1ed1i c\u1ee7a Hunter, Azud v\u00e0 ch\u1ee9ng nh\u1eadn ti\u00eau chu\u1ea9n ch\u1ea5t l\u01b0\u1ee3ng ISO 9001:2000 c\u1ee7a\u00a0nh\u00e0 cung c\u1ea5p.<\/p>\n<\/div><div class=\"sdm_download_link\"><span class=\"sdm_download_button\"><a href=\"https:\/\/tuoitudong.bzz.vn\/en\/?sdm_process_download=1&download_id=3733\" class=\"sdm_download green\" title=\"Certificates\" target=\"_self\">Download Now!<\/a><\/span><span class=\"sdm_download_item_count\"><span class=\"sdm_item_count_number\">136<\/span><span class=\"sdm_item_count_string\"> Downloads<\/span><\/span><\/div><\/div><div class=\"sdm_clear_float\"><\/div>\r\n\r\n\t\t<\/div>\n\t\t\t\t\t<\/div>\n\n\t\r\n\r\n<\/div>\n","protected":false},"excerpt":{"rendered":"<p>Welcome to\u00a0Viet Garden! As one of the International Hunter Distributors of irrigation equipment for the landscape and golf course industries since January 10, 2007, Viet Garden has successfully provided consulting, distribution and design services for dealers and contractors in Vietnam, Laos and Cambodia. We provide specialist support and training for the professional contractors to ensure [&#8230;]\n","protected":false},"author":3,"featured_media":11090,"parent":0,"menu_order":0,"comment_status":"closed","ping_status":"closed","template":"","meta":{"footnotes":""},"class_list":["post-6185","page","type-page","status-publish","has-post-thumbnail","hentry"],"_links":{"self":[{"href":"https:\/\/tuoitudong.bzz.vn\/en\/wp-json\/wp\/v2\/pages\/6185","targetHints":{"allow":["GET"]}}],"collection":[{"href":"https:\/\/tuoitudong.bzz.vn\/en\/wp-json\/wp\/v2\/pages"}],"about":[{"href":"https:\/\/tuoitudong.bzz.vn\/en\/wp-json\/wp\/v2\/types\/page"}],"author":[{"embeddable":true,"href":"https:\/\/tuoitudong.bzz.vn\/en\/wp-json\/wp\/v2\/users\/3"}],"replies":[{"embeddable":true,"href":"https:\/\/tuoitudong.bzz.vn\/en\/wp-json\/wp\/v2\/comments?post=6185"}],"version-history":[{"count":0,"href":"https:\/\/tuoitudong.bzz.vn\/en\/wp-json\/wp\/v2\/pages\/6185\/revisions"}],"wp:featuredmedia":[{"embeddable":true,"href":"https:\/\/tuoitudong.bzz.vn\/en\/wp-json\/wp\/v2\/media\/11090"}],"wp:attachment":[{"href":"https:\/\/tuoitudong.bzz.vn\/en\/wp-json\/wp\/v2\/media?parent=6185"}],"curies":[{"name":"wp","href":"https:\/\/api.w.org\/{rel}","templated":true}]}}